{"id":107535,"date":"2022-06-07T20:14:02","date_gmt":"2022-06-08T00:14:02","guid":{"rendered":"https:\/\/hotelmanoirdyouville.com\/about-us\/mission-fondation\/"},"modified":"2026-03-19T10:08:05","modified_gmt":"2026-03-19T14:08:05","slug":"mission-fondation","status":"publish","type":"page","link":"https:\/\/hotelmanoirdyouville.com\/en\/about-us\/mission-fondation\/","title":{"rendered":"Mission &#038; fondation"},"content":{"rendered":"<p>[et_pb_section fb_built=&#8221;1&#8243; _builder_version=&#8221;4.27.4&#8243; _module_preset=&#8221;default&#8221; background_image=&#8221;https:\/\/hotelmanoirdyouville.com\/wp-content\/uploads\/2022\/05\/28423449_1578698642184134_5764200879671351685_o.jpg&#8221; parallax=&#8221;on&#8221; parallax_method=&#8221;off&#8221; width=&#8221;100%&#8221; custom_margin=&#8221;0px||0px||false|false&#8221; custom_padding=&#8221;0px||0px||false|false&#8221; global_colors_info=&#8221;{}&#8221;][et_pb_row _builder_version=&#8221;4.27.5&#8243; _module_preset=&#8221;default&#8221; width=&#8221;100%&#8221; max_width=&#8221;0px&#8221; min_height=&#8221;500px&#8221; height=&#8221;500px&#8221; max_height=&#8221;500px&#8221; custom_margin=&#8221;0px||0px||false|false&#8221; custom_padding=&#8221;0px||0px||false|false&#8221; hover_enabled=&#8221;0&#8243; global_colors_info=&#8221;{}&#8221; sticky_enabled=&#8221;0&#8243;][et_pb_column type=&#8221;4_4&#8243; _builder_version=&#8221;4.17.4&#8243; _module_preset=&#8221;default&#8221; custom_padding=&#8221;0px|0px|0px|0px|false|false&#8221; global_colors_info=&#8221;{}&#8221;][\/et_pb_column][\/et_pb_row][\/et_pb_section][et_pb_section fb_built=&#8221;1&#8243; admin_label=&#8221;Mission&#8221; _builder_version=&#8221;4.27.4&#8243; _module_preset=&#8221;default&#8221; custom_padding=&#8221;30px|0px|0|0px|false|false&#8221; global_colors_info=&#8221;{}&#8221;][et_pb_row _builder_version=&#8221;4.17.4&#8243; _module_preset=&#8221;default&#8221; global_colors_info=&#8221;{}&#8221;][et_pb_column type=&#8221;4_4&#8243; _builder_version=&#8221;4.16&#8243; _module_preset=&#8221;default&#8221; custom_padding=&#8221;|||&#8221; global_colors_info=&#8221;{}&#8221; custom_padding__hover=&#8221;|||&#8221;][et_pb_text _builder_version=&#8221;4.27.4&#8243; _module_preset=&#8221;default&#8221; text_font=&#8221;Open Sans||||||||&#8221; text_text_color=&#8221;#000000&#8243; text_font_size=&#8221;16px&#8221; text_line_height=&#8221;2em&#8221; header_font=&#8221;||||||||&#8221; header_2_font=&#8221;Gilda Display||||||||&#8221; header_2_text_color=&#8221;#004750&#8243; header_2_font_size=&#8221;36px&#8221; header_2_line_height=&#8221;1.2em&#8221; header_2_font_size_tablet=&#8221;40px&#8221; header_2_font_size_phone=&#8221;30px&#8221; header_2_font_size_last_edited=&#8221;on|phone&#8221; locked=&#8221;off&#8221; global_colors_info=&#8221;{}&#8221;]<\/p>\n<h2><span class=\"TextRun MacChromeBold SCXW90132450 BCX0\" lang=\"FR-CA\" xml:lang=\"FR-CA\" data-contrast=\"none\"><span class=\"NormalTextRun SCXW90132450 BCX0\">Welcome to the first social hotel !<\/span><\/span><\/h2>\n<p><\/p>\n<p>&nbsp;<\/p>\n<p><\/p>\n<p>Welcome to the Hotel Manoir d&#8217;Youville.\u202f<\/p>\n<p><\/p>\n<p>An enchanting natural setting. An island that has become a refuge between river and lake. A history shaped by kindness. These ingredients have given rise to an unexpected mission for a hotel establishment: to promote well-being and overall physical and mental health while giving back to the community.<\/p>\n<p><\/p>\n<p>Here, beyond the rejuvenation we offer, we give meaning to everything we do, and everything we undertake must have significance. Accommodations, facilities, hospitality, activities, events, dining, management, circular economy principles&#8230; Every element is designed to contribute to authenticity in a systematic desire to return to our roots, to share and to help one another.<\/p>\n<p><\/p>\n<p>For example, in a nod to history, the team has revived the Grey Nuns&#8217; garden. This 5,000-square-foot vegetable garden produces vegetables that are cooked in the Manoir&#8217;s restaurant and La Traite bistro, where local products are showcased.<\/p>\n<p><\/p>\n<p>In 2022, the manor even partnered with the Centre int\u00e9gr\u00e9 de sant\u00e9 et de services sociaux de la Mont\u00e9r\u00e9gie-Ouest as part of a program to integrate a dozen young people with autism spectrum disorder and intellectual disabilities into the job market.<\/p>\n<p>[\/et_pb_text][\/et_pb_column][\/et_pb_row][\/et_pb_section][et_pb_section fb_built=&#8221;1&#8243; admin_label=&#8221;Fondation&#8221; _builder_version=&#8221;4.16&#8243; _module_preset=&#8221;default&#8221; custom_padding=&#8221;50.75px|0px|0|0px|false|false&#8221; global_colors_info=&#8221;{}&#8221;][et_pb_row _builder_version=&#8221;4.17.4&#8243; _module_preset=&#8221;default&#8221; global_colors_info=&#8221;{}&#8221;][et_pb_column type=&#8221;4_4&#8243; _builder_version=&#8221;4.16&#8243; _module_preset=&#8221;default&#8221; custom_padding=&#8221;|||&#8221; global_colors_info=&#8221;{}&#8221; custom_padding__hover=&#8221;|||&#8221;][et_pb_text _builder_version=&#8221;4.27.4&#8243; _module_preset=&#8221;default&#8221; text_font=&#8221;Open Sans||||||||&#8221; text_text_color=&#8221;#000000&#8243; text_font_size=&#8221;16px&#8221; text_line_height=&#8221;2em&#8221; header_font=&#8221;||||||||&#8221; header_2_font=&#8221;Gilda Display||||||||&#8221; header_2_text_color=&#8221;#004750&#8243; header_2_font_size=&#8221;36px&#8221; header_2_line_height=&#8221;1.2em&#8221; header_2_font_size_tablet=&#8221;40px&#8221; header_2_font_size_phone=&#8221;30px&#8221; header_2_font_size_last_edited=&#8221;on|phone&#8221; locked=&#8221;off&#8221; global_colors_info=&#8221;{}&#8221;]<\/p>\n<h2>The Foundation, a natural association<\/h2>\n<p><\/p>\n<p>&nbsp;<\/p>\n<p><\/p>\n<p>The management of the manor house and its development are in the hands of the Compagnom Foundation. Created in 2012 by Serge Choini\u00e8re, it carries out preventive health projects. In concrete terms, it offers respite and well-being to people struggling with mental health problems by offering them stays in hotel establishments.<\/p>\n<p><\/p>\n<p>The tranquility of this exceptional place and the values drawn from history make the manor a favourite site for this foundation with an unconventional economic model: it finances its activities thanks to the establishments through which it carries them out.<\/p>\n<p>[\/et_pb_text][et_pb_image src=&#8221;https:\/\/hotelmanoirdyouville.com\/wp-content\/uploads\/2022\/06\/Compagnom_SocialMediasShare_Facebook.jpg&#8221; title_text=&#8221;Compagnom_SocialMediasShare_Facebook&#8221; url=&#8221;https:\/\/compagnom.org\/&#8221; url_new_window=&#8221;on&#8221; _builder_version=&#8221;4.27.4&#8243; _module_preset=&#8221;default&#8221; custom_margin=&#8221;||50px||false|false&#8221; global_colors_info=&#8221;{}&#8221;][\/et_pb_image][\/et_pb_column][\/et_pb_row][\/et_pb_section]<\/p>\n","protected":false},"excerpt":{"rendered":"<p>Welcome to the first social hotel !&nbsp;Welcome to the Hotel Manoir d&#8217;Youville.\u202fAn enchanting natural setting. An island that has become a refuge between river and lake. A history shaped by kindness. These ingredients have given rise to an unexpected mission for a hotel establishment: to promote well-being and overall physical and mental health while giving [&hellip;]<\/p>\n","protected":false},"author":1,"featured_media":0,"parent":107346,"menu_order":0,"comment_status":"closed","ping_status":"closed","template":"","meta":{"_et_pb_use_builder":"on","_et_pb_old_content":"","_et_gb_content_width":"","footnotes":""},"class_list":["post-107535","page","type-page","status-publish","hentry"],"_links":{"self":[{"href":"https:\/\/hotelmanoirdyouville.com\/en\/wp-json\/wp\/v2\/pages\/107535","targetHints":{"allow":["GET"]}}],"collection":[{"href":"https:\/\/hotelmanoirdyouville.com\/en\/wp-json\/wp\/v2\/pages"}],"about":[{"href":"https:\/\/hotelmanoirdyouville.com\/en\/wp-json\/wp\/v2\/types\/page"}],"author":[{"embeddable":true,"href":"https:\/\/hotelmanoirdyouville.com\/en\/wp-json\/wp\/v2\/users\/1"}],"replies":[{"embeddable":true,"href":"https:\/\/hotelmanoirdyouville.com\/en\/wp-json\/wp\/v2\/comments?post=107535"}],"version-history":[{"count":32,"href":"https:\/\/hotelmanoirdyouville.com\/en\/wp-json\/wp\/v2\/pages\/107535\/revisions"}],"predecessor-version":[{"id":112213,"href":"https:\/\/hotelmanoirdyouville.com\/en\/wp-json\/wp\/v2\/pages\/107535\/revisions\/112213"}],"up":[{"embeddable":true,"href":"https:\/\/hotelmanoirdyouville.com\/en\/wp-json\/wp\/v2\/pages\/107346"}],"wp:attachment":[{"href":"https:\/\/hotelmanoirdyouville.com\/en\/wp-json\/wp\/v2\/media?parent=107535"}],"curies":[{"name":"wp","href":"https:\/\/api.w.org\/{rel}","templated":true}]}}