{"id":110559,"date":"2025-11-11T13:38:59","date_gmt":"2025-11-11T18:38:59","guid":{"rendered":"https:\/\/hotelmanoirdyouville.com\/signature-events\/"},"modified":"2026-03-19T10:03:38","modified_gmt":"2026-03-19T14:03:38","slug":"signature-events","status":"publish","type":"page","link":"https:\/\/hotelmanoirdyouville.com\/en\/signature-events\/","title":{"rendered":"Signature Events"},"content":{"rendered":"<p>[et_pb_section fb_built=&#8221;1&#8243; bg_img_2=&#8221;https:\/\/hotelmanoirdyouville.com\/wp-content\/uploads\/2022\/05\/resort-02.jpg&#8221; use_background_color_gradient_2=&#8221;off&#8221; background_color_gradient_direction_2=&#8221;105deg&#8221; background_color_gradient_stops_2=&#8221;rgba(255,255,255,0.65) 0%|rgba(255,255,255,0) 76%&#8221; background_color_gradient_start_2=&#8221;rgba(255,255,255,0.65)&#8221; background_color_gradient_end_2=&#8221;rgba(255,255,255,0)&#8221; background_color_gradient_start_position_2=&#8221;0%&#8221; background_color_gradient_end_position_2=&#8221;76%&#8221; background_color_gradient_overlays_image_2=&#8221;on&#8221; admin_label=&#8221;Header&#8221; _builder_version=&#8221;4.27.5&#8243; _module_preset=&#8221;default&#8221; background_image=&#8221;https:\/\/hotelmanoirdyouville.com\/wp-content\/uploads\/2022\/06\/22861744_1466589310061735_2480763101470759430_o.jpg&#8221; parallax=&#8221;on&#8221; parallax_method=&#8221;off&#8221; custom_padding=&#8221;16vw|0px|16vw|0px|true|false&#8221; locked=&#8221;off&#8221; global_colors_info=&#8221;{}&#8221;][\/et_pb_section][et_pb_section fb_built=&#8221;1&#8243; admin_label=&#8221;Qui&#8221; _builder_version=&#8221;4.16&#8243; _module_preset=&#8221;default&#8221; custom_padding=&#8221;50.75px|0px|0|0px|false|false&#8221; global_colors_info=&#8221;{}&#8221;][et_pb_row make_equal=&#8221;on&#8221; _builder_version=&#8221;4.17.4&#8243; _module_preset=&#8221;default&#8221; min_height=&#8221;226px&#8221; global_colors_info=&#8221;{}&#8221;][et_pb_column type=&#8221;4_4&#8243; _builder_version=&#8221;4.16&#8243; _module_preset=&#8221;default&#8221; custom_padding=&#8221;|||&#8221; global_colors_info=&#8221;{}&#8221; custom_padding__hover=&#8221;|||&#8221;][et_pb_text _builder_version=&#8221;4.27.5&#8243; _module_preset=&#8221;default&#8221; text_font=&#8221;Open Sans||||||||&#8221; text_text_color=&#8221;#000000&#8243; text_font_size=&#8221;24px&#8221; text_line_height=&#8221;2em&#8221; header_font=&#8221;||||||||&#8221; header_2_font=&#8221;Gilda Display||||||||&#8221; header_2_font_size=&#8221;60px&#8221; header_2_line_height=&#8221;1.2em&#8221; header_2_font_size_tablet=&#8221;40px&#8221; header_2_font_size_phone=&#8221;30px&#8221; header_2_font_size_last_edited=&#8221;on|phone&#8221; locked=&#8221;off&#8221; global_colors_info=&#8221;{}&#8221;]<\/p>\n<p style=\"text-align: center;\">Stay up to date on the dates of our Signature Events, and register to participate.<\/p>\n<p>[\/et_pb_text][\/et_pb_column][\/et_pb_row][et_pb_row column_structure=&#8221;1_2,1_2&#8243; use_custom_gutter=&#8221;on&#8221; gutter_width=&#8221;1&#8243; make_equal=&#8221;on&#8221; _builder_version=&#8221;4.27.4&#8243; _module_preset=&#8221;default&#8221; width=&#8221;100%&#8221; max_width=&#8221;100%&#8221; custom_margin=&#8221;0px||0px||false|false&#8221; custom_padding=&#8221;0px||0px||false|false&#8221; global_colors_info=&#8221;{}&#8221;][et_pb_column type=&#8221;1_2&#8243; _builder_version=&#8221;4.17.4&#8243; _module_preset=&#8221;default&#8221; background_enable_image=&#8221;off&#8221; custom_padding=&#8221;80px|30px|80px|30px|false|false&#8221; global_colors_info=&#8221;{}&#8221;][et_pb_text _builder_version=&#8221;4.27.4&#8243; _module_preset=&#8221;default&#8221; text_font=&#8221;Open Sans||||||||&#8221; text_text_color=&#8221;#000000&#8243; text_line_height=&#8221;2em&#8221; header_2_font_size=&#8221;30px&#8221; header_3_font=&#8221;Bad Script||||||||&#8221; header_3_text_color=&#8221;#000000&#8243; header_3_line_height=&#8221;2em&#8221; custom_margin=&#8221;||||false|false&#8221; custom_padding=&#8221;||||false|false&#8221; custom_css_main_element=&#8221;display: flex;||align-items: center;&#8221; global_colors_info=&#8221;{}&#8221;]<\/p>\n<h2>Salon du Bien-\u00eatre et du Bio de la Mont\u00e9r\u00e9gie<\/h2>\n<p><\/p>\n<p>&nbsp;<\/p>\n<p><\/p>\n<h2>February 21st-22nd 2026<\/h2>\n<p><\/p>\n<p>&nbsp;<\/p>\n<p><\/p>\n<p>Whether you&#8217;re traveling as a couple or solo, treat yourself to some downtime on an island bordered by the Ch\u00e2teauguay River and Lake St. Louis. Pure relaxation just a stone&#8217;s throw from Montreal, surrounded by protected nature!<\/p>\n<p>[\/et_pb_text][et_pb_button button_url=&#8221;https:\/\/www.facebook.com\/events\/1254678103222780?acontext=%7B%22event_action_history%22%3A%91%7B%22surface%22%3A%22user_timeline%22%7D%2C%7B%22mechanism%22%3A%22surface%22%2C%22surface%22%3A%22groups_highlight_units%22%7D%93%2C%22ref_notif_type%22%3Anull%7D&#8221; button_text=&#8221;Find out more&#8221; _builder_version=&#8221;4.27.5&#8243; _module_preset=&#8221;default&#8221; custom_button=&#8221;on&#8221; button_border_radius=&#8221;6px&#8221; custom_margin=&#8221;30px||||false|false&#8221; global_colors_info=&#8221;{}&#8221;][\/et_pb_button][\/et_pb_column][et_pb_column type=&#8221;1_2&#8243; _builder_version=&#8221;4.27.4&#8243; _module_preset=&#8221;default&#8221; background_image=&#8221;https:\/\/hotelmanoirdyouville.com\/wp-content\/uploads\/2025\/11\/telechargement-1-1-scaled.png&#8221; custom_padding=&#8221;0px|0px|0px|0px|false|false&#8221; global_colors_info=&#8221;{}&#8221;][\/et_pb_column][\/et_pb_row][\/et_pb_section][et_pb_section fb_built=&#8221;1&#8243; admin_label=&#8221;50\/50&#8243; _builder_version=&#8221;4.17.4&#8243; _module_preset=&#8221;default&#8221; custom_margin=&#8221;0px||0px||false|false&#8221; custom_padding=&#8221;0px||0px||false|false&#8221; global_colors_info=&#8221;{}&#8221;][et_pb_row column_structure=&#8221;1_2,1_2&#8243; use_custom_gutter=&#8221;on&#8221; gutter_width=&#8221;1&#8243; make_equal=&#8221;on&#8221; module_id=&#8221;bal-en-noir&#8221; _builder_version=&#8221;4.27.5&#8243; _module_preset=&#8221;default&#8221; width=&#8221;100%&#8221; max_width=&#8221;100%&#8221; custom_margin=&#8221;0px||0px||false|false&#8221; custom_padding=&#8221;0px||0px||false|false&#8221; global_colors_info=&#8221;{}&#8221;][et_pb_column type=&#8221;1_2&#8243; _builder_version=&#8221;4.27.4&#8243; _module_preset=&#8221;default&#8221; background_image=&#8221;https:\/\/hotelmanoirdyouville.com\/wp-content\/uploads\/2025\/11\/telechargement-1-scaled.png&#8221; custom_padding=&#8221;0px|0px|0px|0px|false|false&#8221; custom_css_main_element=&#8221;min-height: 400px;&#8221; global_colors_info=&#8221;{}&#8221;][\/et_pb_column][et_pb_column type=&#8221;1_2&#8243; _builder_version=&#8221;4.17.4&#8243; _module_preset=&#8221;default&#8221; custom_padding=&#8221;80px|30px|80px|30px|false|false&#8221; global_colors_info=&#8221;{}&#8221;][et_pb_text _builder_version=&#8221;4.27.5&#8243; _module_preset=&#8221;default&#8221; text_font=&#8221;Open Sans||||||||&#8221; text_text_color=&#8221;#000000&#8243; text_line_height=&#8221;2em&#8221; header_2_text_color=&#8221;#004750&#8243; header_2_font_size=&#8221;30px&#8221; header_3_font=&#8221;Bad Script||||||||&#8221; header_3_text_color=&#8221;#000000&#8243; header_3_line_height=&#8221;2em&#8221; custom_margin=&#8221;||||false|false&#8221; custom_padding=&#8221;||||false|false&#8221; custom_padding_last_edited=&#8221;off|desktop&#8221; hover_enabled=&#8221;0&#8243; custom_css_main_element=&#8221;display: flex;||align-items: center;&#8221; global_colors_info=&#8221;{}&#8221; sticky_enabled=&#8221;0&#8243;]<\/p>\n<h2>Bal en noir<\/h2>\n<p><\/p>\n<p>&nbsp;<\/p>\n<p><\/p>\n<h2>August 21st 2026<\/h2>\n<p><\/p>\n<p>&nbsp;<\/p>\n<p><\/p>\n<p>The <strong>Bal en noir<\/strong> is a gala evening presented by the <strong>Compagnom Foundation<\/strong>, combining fine dining, music, and elegance in the exceptional setting of the H\u00f4tel Manoir D\u2019Youville. For one evening, the venue is transformed to welcome guests outdoors, on the tarmac by the water, in a festive, chic, and meticulously staged atmosphere.<\/p>\n<p><\/p>\n<p>A signature event at the Manoir, the Bal en noir offers a unique experience blending fine dining, socializing, and celebration in a setting specially designed for the occasion. Each edition brings together guests, partners, and community members for a memorable evening to benefit the Compagnom Foundation.<\/p>\n<p>[\/et_pb_text][et_pb_button button_url=&#8221;https:\/\/www.facebook.com\/ManoirDYouville&#8221; button_text=&#8221;Find out more&#8221; _builder_version=&#8221;4.27.5&#8243; _module_preset=&#8221;default&#8221; custom_button=&#8221;on&#8221; button_border_radius=&#8221;6px&#8221; custom_margin=&#8221;30px||||false|false&#8221; global_colors_info=&#8221;{}&#8221;][\/et_pb_button][\/et_pb_column][\/et_pb_row][\/et_pb_section][et_pb_section fb_built=&#8221;1&#8243; _builder_version=&#8221;4.20.2&#8243; _module_preset=&#8221;default&#8221; global_colors_info=&#8221;{}&#8221;][et_pb_row _builder_version=&#8221;4.20.2&#8243; _module_preset=&#8221;default&#8221; global_colors_info=&#8221;{}&#8221;][et_pb_column type=&#8221;4_4&#8243; _builder_version=&#8221;4.20.2&#8243; _module_preset=&#8221;default&#8221; global_colors_info=&#8221;{}&#8221;][et_pb_image src=&#8221;https:\/\/hotelmanoirdyouville.com\/wp-content\/uploads\/2025\/11\/Compagnom_LogoOfficiel_Couleurs.png&#8221; title_text=&#8221;Compagnom_LogoOfficiel_Couleurs&#8221; align=&#8221;center&#8221; _builder_version=&#8221;4.27.4&#8243; _module_preset=&#8221;default&#8221; border_radii=&#8221;on|12px|12px|12px|12px&#8221; global_colors_info=&#8221;{}&#8221;][\/et_pb_image][\/et_pb_column][\/et_pb_row][et_pb_row _builder_version=&#8221;4.27.4&#8243; _module_preset=&#8221;default&#8221; global_colors_info=&#8221;{}&#8221;][et_pb_column type=&#8221;4_4&#8243; _builder_version=&#8221;4.27.4&#8243; _module_preset=&#8221;default&#8221; global_colors_info=&#8221;{}&#8221;][et_pb_video src=&#8221;https:\/\/hotelmanoirdyouville.com\/wp-content\/uploads\/2025\/12\/Hotel-Manoir-DYouville-Pubs-Evenements-4K.mov&#8221; _builder_version=&#8221;4.27.4&#8243; _module_preset=&#8221;default&#8221; global_colors_info=&#8221;{}&#8221;][\/et_pb_video][\/et_pb_column][\/et_pb_row][\/et_pb_section]<\/p>\n","protected":false},"excerpt":{"rendered":"<p>Stay up to date on the dates of our Signature Events, and register to participate.Salon du Bien-\u00eatre et du Bio de la Mont\u00e9r\u00e9gie&nbsp;February 21st-22nd 2026&nbsp;Whether you&#8217;re traveling as a couple or solo, treat yourself to some downtime on an island bordered by the Ch\u00e2teauguay River and Lake St. Louis. Pure relaxation just a stone&#8217;s throw [&hellip;]<\/p>\n","protected":false},"author":1,"featured_media":0,"parent":0,"menu_order":0,"comment_status":"closed","ping_status":"closed","template":"","meta":{"_et_pb_use_builder":"on","_et_pb_old_content":"","_et_gb_content_width":"","footnotes":""},"class_list":["post-110559","page","type-page","status-publish","hentry"],"_links":{"self":[{"href":"https:\/\/hotelmanoirdyouville.com\/en\/wp-json\/wp\/v2\/pages\/110559","targetHints":{"allow":["GET"]}}],"collection":[{"href":"https:\/\/hotelmanoirdyouville.com\/en\/wp-json\/wp\/v2\/pages"}],"about":[{"href":"https:\/\/hotelmanoirdyouville.com\/en\/wp-json\/wp\/v2\/types\/page"}],"author":[{"embeddable":true,"href":"https:\/\/hotelmanoirdyouville.com\/en\/wp-json\/wp\/v2\/users\/1"}],"replies":[{"embeddable":true,"href":"https:\/\/hotelmanoirdyouville.com\/en\/wp-json\/wp\/v2\/comments?post=110559"}],"version-history":[{"count":22,"href":"https:\/\/hotelmanoirdyouville.com\/en\/wp-json\/wp\/v2\/pages\/110559\/revisions"}],"predecessor-version":[{"id":112210,"href":"https:\/\/hotelmanoirdyouville.com\/en\/wp-json\/wp\/v2\/pages\/110559\/revisions\/112210"}],"wp:attachment":[{"href":"https:\/\/hotelmanoirdyouville.com\/en\/wp-json\/wp\/v2\/media?parent=110559"}],"curies":[{"name":"wp","href":"https:\/\/api.w.org\/{rel}","templated":true}]}}